{"id":7632,"date":"2018-01-19T13:43:53","date_gmt":"2018-01-19T13:43:53","guid":{"rendered":"https:\/\/teakie.com\/contact\/"},"modified":"2021-01-14T19:51:14","modified_gmt":"2021-01-14T19:51:14","slug":"nous-joindre","status":"publish","type":"page","link":"https:\/\/teakie.com\/fr\/nous-joindre\/","title":{"rendered":"Nous joindre"},"content":{"rendered":"[vc_row thb_full_width=\u00a0\u00bbtrue\u00a0\u00bb thb_row_padding=\u00a0\u00bbtrue\u00a0\u00bb thb_column_padding=\u00a0\u00bbtrue\u00a0\u00bb css=\u00a0\u00bb.vc_custom_1610653847536{padding-top: 12vh !important;padding-bottom: 12vh !important;background: #f4f4f4 url(https:\/\/teakie.com\/wp-content\/uploads\/2021\/01\/PHOTO20-scaled.jpg?id=7982) !important;background-position: center !important;background-repeat: no-repeat !important;background-size: cover !important;}\u00a0\u00bb thb_video_overlay_color=\u00a0\u00bbrgba(0,0,0,0.4)\u00a0\u00bb bg_gradient1=\u00a0\u00bbrgba(0,0,0,0.4)\u00a0\u00bb bg_gradient2=\u00a0\u00bbrgba(0,0,0,0.4)\u00a0\u00bb][vc_column thb_color=\u00a0\u00bbthb-light-column\u00a0\u00bb][vc_row_inner][vc_column_inner offset=\u00a0\u00bbvc_col-lg-5 vc_col-md-7&Prime;]\t<div id=\"thb-slidetype-69dbea91b8092\" class=\"thb-slidetype \" data-style=\"style1\">\n\t\t\n<h1><span class=\"thb-slidetype-entry\"><span class=\"lines\">Discutons des possibilit\u00e9s<\/span><\/span><\/h1>\n\t\t\t<\/div>\n\n\t[vc_empty_space height=\u00a0\u00bb12px\u00a0\u00bb][vc_column_text animation=\u00a0\u00bbanimation fade-in\u00a0\u00bb]Communiquez avec nous pour en savoir plus sur nos produits, outils et services ou pour discuter d\u2019un projet personnalis\u00e9 dans Le Studio.[\/vc_column_text][\/vc_column_inner][\/vc_row_inner][\/vc_column][\/vc_row][vc_row el_class=\u00a0\u00bbalign-center\u00a0\u00bb css=\u00a0\u00bb.vc_custom_1591718025036{padding-top: 10vh !important;padding-bottom: 10vh !important;}\u00a0\u00bb][vc_column width=\u00a0\u00bb1\/3&Prime; css=\u00a0\u00bb.vc_custom_1591717966802{padding-right: 20% !important;}\u00a0\u00bb][vc_column_text css=\u00a0\u00bb.vc_custom_1606616314593{border-bottom-width: 2px !important;padding-bottom: 30px !important;border-bottom-color: #f4f4f4 !important;border-bottom-style: solid !important;}\u00a0\u00bb]<strong>Notre emplacement<\/strong><\/p>\n<p style=\"font-size: 14px;\">Nous sommes bas\u00e9s \u00e0 Montr\u00e9al et nous collaborons avec des membres et des clients \u00e0 l\u2019\u00e9chelle mondiale.<\/p>\n[\/vc_column_text][vc_column_text css=\u00a0\u00bb.vc_custom_1606616351448{border-bottom-width: 2px !important;padding-bottom: 30px !important;border-bottom-color: #f4f4f4 !important;border-bottom-style: solid !important;}\u00a0\u00bb]<strong>Carri\u00e8res \u00e0 Teakie<\/strong><\/p>\n<p style=\"font-size: 14px;\">Nous sommes toujours \u00e0 la recherche de professionnels talentueux pour nous aider \u00e0 orchestrer des exp\u00e9riences num\u00e9riques.<\/p>\n<p style=\"font-size: 14px;\">Visitez notre page <a href=\"https:\/\/teakie.com\/fr\/careers\/\">Carri\u00e8res<\/a> pour voir les postes \u00e0 pourvoir.<\/p>\n[\/vc_column_text][vc_column_text]<strong>Le Studio a piqu\u00e9 votre curiosit\u00e9?<\/strong><\/p>\n<p style=\"font-size: 14px;\">Planifiez une consultation compl\u00e9mentaire avec nous pour discuter des plans ou projets personnalis\u00e9s Assistance Teakie du Studio.<\/p>\n<p style=\"font-size: 14px;\"><a href=\"https:\/\/calendly.com\/teakie\/consultation\">Prendre un rendez-vous<\/a><\/p>\n[\/vc_column_text][\/vc_column][vc_column width=\u00a0\u00bb2\/3&Prime;]\n<div class=\"wpcf7 no-js\" id=\"wpcf7-f8440-o1\" lang=\"fr-FR\" dir=\"ltr\" data-wpcf7-id=\"8440\">\n<div class=\"screen-reader-response\"><p role=\"status\" aria-live=\"polite\" aria-atomic=\"true\"><\/p> <ul><\/ul><\/div>\n<form action=\"\/fr\/wp-json\/wp\/v2\/pages\/7632#wpcf7-f8440-o1\" method=\"post\" class=\"wpcf7-form init\" aria-label=\"Formulaire de contact\" novalidate=\"novalidate\" data-status=\"init\">\n<fieldset class=\"hidden-fields-container\"><input type=\"hidden\" name=\"_wpcf7\" value=\"8440\" \/><input type=\"hidden\" name=\"_wpcf7_version\" value=\"6.1.3\" \/><input type=\"hidden\" name=\"_wpcf7_locale\" value=\"fr_FR\" \/><input type=\"hidden\" name=\"_wpcf7_unit_tag\" value=\"wpcf7-f8440-o1\" \/><input type=\"hidden\" name=\"_wpcf7_container_post\" value=\"0\" \/><input type=\"hidden\" name=\"_wpcf7_posted_data_hash\" value=\"\" \/>\n<\/fieldset>\n<div class=\"row\">\n\t<div class=\"small-12 large-6 columns\">\n\t\t<p><label>Nom<\/label><span class=\"wpcf7-form-control-wrap\" data-name=\"your-firstname\"><input size=\"40\" maxlength=\"400\" class=\"wpcf7-form-control wpcf7-text wpcf7-validates-as-required full\" aria-required=\"true\" aria-invalid=\"false\" value=\"\" type=\"text\" name=\"your-firstname\" \/><\/span>\n\t\t<\/p>\n\t<\/div>\n\t<div class=\"small-12 large-6 columns\">\n\t\t<p><label>Courriel<\/label><span class=\"wpcf7-form-control-wrap\" data-name=\"your-email\"><input size=\"40\" maxlength=\"400\" class=\"wpcf7-form-control wpcf7-text wpcf7-validates-as-required full\" aria-required=\"true\" aria-invalid=\"false\" value=\"\" type=\"text\" name=\"your-email\" \/><\/span>\n\t\t<\/p>\n\t<\/div>\n\t<div class=\"small-12 columns\">\n\t\t<p><label>Quel est votre budget ?<\/label><span class=\"wpcf7-form-control-wrap\" data-name=\"text-237\"><input size=\"40\" maxlength=\"400\" class=\"wpcf7-form-control wpcf7-text wpcf7-validates-as-required\" aria-required=\"true\" aria-invalid=\"false\" value=\"\" type=\"text\" name=\"text-237\" \/><\/span>\n\t\t<\/p>\n\t<\/div>\n\t<div class=\"small-12 columns\">\n\t\t<p><label>Je suis int\u00e9ress\u00e9 par :<\/label><span class=\"wpcf7-form-control-wrap\" data-name=\"radio-825\"><span class=\"wpcf7-form-control wpcf7-radio\"><span class=\"wpcf7-list-item first\"><label><input type=\"radio\" name=\"radio-825\" value=\"Gestion num\u00e9rique\" checked=\"checked\" \/><span class=\"wpcf7-list-item-label\">Gestion num\u00e9rique<\/span><\/label><\/span><span class=\"wpcf7-list-item\"><label><input type=\"radio\" name=\"radio-825\" value=\"Transformation num\u00e9rique\" \/><span class=\"wpcf7-list-item-label\">Transformation num\u00e9rique<\/span><\/label><\/span><span class=\"wpcf7-list-item\"><label><input type=\"radio\" name=\"radio-825\" value=\"Services studio\" \/><span class=\"wpcf7-list-item-label\">Services studio<\/span><\/label><\/span><span class=\"wpcf7-list-item last\"><label><input type=\"radio\" name=\"radio-825\" value=\"Autres\" \/><span class=\"wpcf7-list-item-label\">Autres<\/span><\/label><\/span><\/span><\/span>\n\t\t<\/p>\n\t<\/div>\n\t<div class=\"small-12 columns\">\n\t\t<p><label>Message<\/label><span class=\"wpcf7-form-control-wrap\" data-name=\"your-message\"><textarea cols=\"40\" rows=\"10\" maxlength=\"2000\" class=\"wpcf7-form-control wpcf7-textarea full\" aria-invalid=\"false\" name=\"your-message\"><\/textarea><\/span>\n\t\t<\/p>\n\t<\/div>\n<\/div>\n<div class=\"row\">\n\t<div class=\"small-12 columns\">\n\t\t<p><input class=\"wpcf7-form-control wpcf7-submit has-spinner btn\" type=\"submit\" value=\"Envoyer message\" \/>\n\t\t<\/p>\n\t<\/div>\n<\/div><p style=\"display: none !important;\" class=\"akismet-fields-container\" data-prefix=\"_wpcf7_ak_\"><label>&#916;<textarea name=\"_wpcf7_ak_hp_textarea\" cols=\"45\" rows=\"8\" maxlength=\"100\"><\/textarea><\/label><input type=\"hidden\" id=\"ak_js_1\" name=\"_wpcf7_ak_js\" value=\"71\"\/><script>document.getElementById( \"ak_js_1\" ).setAttribute( \"value\", ( new Date() ).getTime() );<\/script><\/p><div class=\"wpcf7-response-output\" aria-hidden=\"true\"><\/div>\n<\/form>\n<\/div>\n[\/vc_column][\/vc_row][vc_row thb_full_width=\u00a0\u00bbtrue\u00a0\u00bb thb_row_padding=\u00a0\u00bbtrue\u00a0\u00bb thb_column_padding=\u00a0\u00bbtrue\u00a0\u00bb disable_element=\u00a0\u00bbyes\u00a0\u00bb][vc_column]\t<div class=\"contact_map_parent map_left\" style=\"height:70vh\">\n\t\t<div class=\"contact_map\n\t\t\" data-map-style=\"[\n    {\n        &quot;featureType&quot;: &quot;administrative.land_parcel&quot;,\n        &quot;elementType&quot;: &quot;all&quot;,\n        &quot;stylers&quot;: [\n            {\n                &quot;visibility&quot;: &quot;off&quot;\n            }\n        ]\n    },\n    {\n        &quot;featureType&quot;: &quot;landscape.man_made&quot;,\n        &quot;elementType&quot;: &quot;all&quot;,\n        &quot;stylers&quot;: [\n            {\n                &quot;visibility&quot;: &quot;off&quot;\n            }\n        ]\n    },\n    {\n        &quot;featureType&quot;: &quot;poi&quot;,\n        &quot;elementType&quot;: &quot;labels&quot;,\n        &quot;stylers&quot;: [\n            {\n                &quot;visibility&quot;: &quot;off&quot;\n            }\n        ]\n    },\n    {\n        &quot;featureType&quot;: &quot;road&quot;,\n        &quot;elementType&quot;: &quot;labels&quot;,\n        &quot;stylers&quot;: [\n            {\n                &quot;visibility&quot;: &quot;simplified&quot;\n            },\n            {\n                &quot;lightness&quot;: 20\n            }\n        ]\n    },\n    {\n        &quot;featureType&quot;: &quot;road.highway&quot;,\n        &quot;elementType&quot;: &quot;geometry&quot;,\n        &quot;stylers&quot;: [\n            {\n                &quot;hue&quot;: &quot;#f49935&quot;\n            }\n        ]\n    },\n    {\n        &quot;featureType&quot;: &quot;road.highway&quot;,\n        &quot;elementType&quot;: &quot;labels&quot;,\n        &quot;stylers&quot;: [\n            {\n                &quot;visibility&quot;: &quot;simplified&quot;\n            }\n        ]\n    },\n    {\n        &quot;featureType&quot;: &quot;road.arterial&quot;,\n        &quot;elementType&quot;: &quot;geometry&quot;,\n        &quot;stylers&quot;: [\n            {\n                &quot;hue&quot;: &quot;#fad959&quot;\n            }\n        ]\n    },\n    {\n        &quot;featureType&quot;: &quot;road.arterial&quot;,\n        &quot;elementType&quot;: &quot;labels&quot;,\n        &quot;stylers&quot;: [\n            {\n                &quot;visibility&quot;: &quot;off&quot;\n            }\n        ]\n    },\n    {\n        &quot;featureType&quot;: &quot;road.local&quot;,\n        &quot;elementType&quot;: &quot;geometry&quot;,\n        &quot;stylers&quot;: [\n            {\n                &quot;visibility&quot;: &quot;simplified&quot;\n            }\n        ]\n    },\n    {\n        &quot;featureType&quot;: &quot;road.local&quot;,\n        &quot;elementType&quot;: &quot;labels&quot;,\n        &quot;stylers&quot;: [\n            {\n                &quot;visibility&quot;: &quot;simplified&quot;\n            }\n        ]\n    },\n    {\n        &quot;featureType&quot;: &quot;transit&quot;,\n        &quot;elementType&quot;: &quot;all&quot;,\n        &quot;stylers&quot;: [\n            {\n                &quot;visibility&quot;: &quot;off&quot;\n            }\n        ]\n    },\n    {\n        &quot;featureType&quot;: &quot;water&quot;,\n        &quot;elementType&quot;: &quot;all&quot;,\n        &quot;stylers&quot;: [\n            {\n                &quot;hue&quot;: &quot;#a1cdfc&quot;\n            },\n            {\n                &quot;saturation&quot;: 30\n            },\n            {\n                &quot;lightness&quot;: 49\n            }\n        ]\n    }\n]\" data-map-zoom=\"14\" data-map-type=\"roadmap\" data-pan-control=\"\" data-zoom-control=\"1\" data-maptype-control=\"\" data-scale-control=\"\" data-streetview-control=\"\">\n\t\t\t\t\t\t\t\n\t<input class=\"thb-location\" type=\"hidden\" data-option=\"{&quot;marker_image&quot;:&quot;https:\\\/\\\/teakie.com\\\/wp-content\\\/themes\\\/revolution\\\/assets\\\/img\\\/pin.png&quot;,&quot;marker_title&quot;:&quot;Amsterdam&quot;,&quot;marker_description&quot;:&quot;6100 Wilshire Blvd 2nd Floor Los Angeles CA 90048 +1 310 499 7700&lt;br \\\/&gt;\\ninfo@stylesuite.nl&quot;,&quot;marker_size&quot;:[80,108],&quot;retina_marker&quot;:&quot;1&quot;,&quot;latitude&quot;:&quot;42.4555996&quot;,&quot;longitude&quot;:&quot;-75.0949027&quot;}\" \/>\n\n\t\n\t<input class=\"thb-location\" type=\"hidden\" data-option=\"{&quot;marker_image&quot;:&quot;https:\\\/\\\/teakie.com\\\/wp-content\\\/themes\\\/revolution\\\/assets\\\/img\\\/pin.png&quot;,&quot;marker_title&quot;:&quot;Paris&quot;,&quot;marker_description&quot;:&quot;320 Wilshire Blvd 2nd Floor Paris CA 90048 +1 310 499 7700&lt;br \\\/&gt;\\ninfo@stylesuite.nl&quot;,&quot;marker_size&quot;:[80,108],&quot;retina_marker&quot;:&quot;1&quot;,&quot;latitude&quot;:&quot;42.4552829&quot;,&quot;longitude&quot;:&quot;-75.058768&quot;}\" \/>\n\n\t\t\t\t\n\t\t<\/div>\n\t\t\t<\/div>\n\t[\/vc_column][\/vc_row]\n","protected":false},"excerpt":{"rendered":"<p>[vc_row thb_full_width=\u00a0\u00bbtrue\u00a0\u00bb thb_row_padding=\u00a0\u00bbtrue\u00a0\u00bb thb_column_padding=\u00a0\u00bbtrue\u00a0\u00bb css=\u00a0\u00bb.vc_custom_1610653847536{padding-top: 12vh !important;padding-bottom: 12vh !important;background: #f4f4f4 url(https:\/\/teakie.com\/wp-content\/uploads\/2021\/01\/PHOTO20-scaled.jpg?id=7982) !important;background-position: center !important;background-repeat: no-repeat !important;background-size: cover !important;}\u00a0\u00bb thb_video_overlay_color=\u00a0\u00bbrgba(0,0,0,0.4)\u00a0\u00bb bg_gradient1=\u00a0\u00bbrgba(0,0,0,0.4)\u00a0\u00bb bg_gradient2=\u00a0\u00bbrgba(0,0,0,0.4)\u00a0\u00bb][vc_column thb_color=\u00a0\u00bbthb-light-column\u00a0\u00bb][vc_row_inner][vc_column_inner offset=\u00a0\u00bbvc_col-lg-5 vc_col-md-7&Prime;][vc_empty_space height=\u00a0\u00bb12px\u00a0\u00bb][vc_column_text animation=\u00a0\u00bbanimation fade-in\u00a0\u00bb]Communiquez avec nous pour en savoir plus sur nos produits, outils et services ou pour discuter d\u2019un projet personnalis\u00e9 dans Le Studio.[\/vc_column_text][\/vc_column_inner][\/vc_row_inner][\/vc_column][\/vc_row][vc_row el_class=\u00a0\u00bbalign-center\u00a0\u00bb css=\u00a0\u00bb.vc_custom_1591718025036{padding-top: 10vh !important;padding-bottom: 10vh !important;}\u00a0\u00bb][vc_column width=\u00a0\u00bb1\/3&Prime;&hellip;<\/p>\n","protected":false},"author":1,"featured_media":0,"parent":0,"menu_order":0,"comment_status":"closed","ping_status":"closed","template":"","meta":{"inline_featured_image":false,"footnotes":""},"class_list":["post-7632","page","type-page","status-publish","hentry"],"yoast_head":"<!-- This site is optimized with the Yoast SEO plugin v26.3 - https:\/\/yoast.com\/wordpress\/plugins\/seo\/ -->\n<title>Nous joindre | Teakie.com<\/title>\n<meta name=\"description\" content=\"Whether you have questions about Teakie Care or want to schedule a customized project in the Studio, contact us to find out how we can help you thrive online.\" \/>\n<meta name=\"robots\" content=\"index, follow, max-snippet:-1, max-image-preview:large, max-video-preview:-1\" \/>\n<link rel=\"canonical\" href=\"https:\/\/teakie.com\/fr\/nous-joindre\/\" \/>\n<meta property=\"og:locale\" content=\"fr_FR\" \/>\n<meta property=\"og:type\" content=\"article\" \/>\n<meta property=\"og:title\" content=\"Nous joindre | Teakie.com\" \/>\n<meta property=\"og:description\" content=\"Whether you have questions about Teakie Care or want to schedule a customized project in the Studio, contact us to find out how we can help you thrive online.\" \/>\n<meta property=\"og:url\" content=\"https:\/\/teakie.com\/fr\/nous-joindre\/\" \/>\n<meta property=\"og:site_name\" content=\"Teakie.com\" \/>\n<meta property=\"article:modified_time\" content=\"2021-01-14T19:51:14+00:00\" \/>\n<meta name=\"twitter:card\" content=\"summary_large_image\" \/>\n<meta name=\"twitter:label1\" content=\"Dur\u00e9e de lecture estim\u00e9e\" \/>\n\t<meta name=\"twitter:data1\" content=\"1 minute\" \/>\n<script type=\"application\/ld+json\" class=\"yoast-schema-graph\">{\"@context\":\"https:\/\/schema.org\",\"@graph\":[{\"@type\":\"WebPage\",\"@id\":\"https:\/\/teakie.com\/fr\/nous-joindre\/\",\"url\":\"https:\/\/teakie.com\/fr\/nous-joindre\/\",\"name\":\"Nous joindre | Teakie.com\",\"isPartOf\":{\"@id\":\"https:\/\/teakie.com\/fr\/#website\"},\"datePublished\":\"2018-01-19T13:43:53+00:00\",\"dateModified\":\"2021-01-14T19:51:14+00:00\",\"description\":\"Whether you have questions about Teakie Care or want to schedule a customized project in the Studio, contact us to find out how we can help you thrive online.\",\"breadcrumb\":{\"@id\":\"https:\/\/teakie.com\/fr\/nous-joindre\/#breadcrumb\"},\"inLanguage\":\"fr-FR\",\"potentialAction\":[{\"@type\":\"ReadAction\",\"target\":[\"https:\/\/teakie.com\/fr\/nous-joindre\/\"]}]},{\"@type\":\"BreadcrumbList\",\"@id\":\"https:\/\/teakie.com\/fr\/nous-joindre\/#breadcrumb\",\"itemListElement\":[{\"@type\":\"ListItem\",\"position\":1,\"name\":\"Home\",\"item\":\"https:\/\/teakie.com\/fr\/\"},{\"@type\":\"ListItem\",\"position\":2,\"name\":\"Nous joindre\"}]},{\"@type\":\"WebSite\",\"@id\":\"https:\/\/teakie.com\/fr\/#website\",\"url\":\"https:\/\/teakie.com\/fr\/\",\"name\":\"TEAKIE | The Studio\",\"description\":\"Build Your Universe\",\"publisher\":{\"@id\":\"https:\/\/teakie.com\/fr\/#organization\"},\"potentialAction\":[{\"@type\":\"SearchAction\",\"target\":{\"@type\":\"EntryPoint\",\"urlTemplate\":\"https:\/\/teakie.com\/fr\/?s={search_term_string}\"},\"query-input\":{\"@type\":\"PropertyValueSpecification\",\"valueRequired\":true,\"valueName\":\"search_term_string\"}}],\"inLanguage\":\"fr-FR\"},{\"@type\":\"Organization\",\"@id\":\"https:\/\/teakie.com\/fr\/#organization\",\"name\":\"Teakie | The Studio\",\"url\":\"https:\/\/teakie.com\/fr\/\",\"logo\":{\"@type\":\"ImageObject\",\"inLanguage\":\"fr-FR\",\"@id\":\"https:\/\/teakie.com\/fr\/#\/schema\/logo\/image\/\",\"url\":\"https:\/\/teakie.com\/wp-content\/uploads\/2020\/06\/TK_Logo-Black-1.svg\",\"contentUrl\":\"https:\/\/teakie.com\/wp-content\/uploads\/2020\/06\/TK_Logo-Black-1.svg\",\"width\":108,\"height\":30,\"caption\":\"Teakie | The Studio\"},\"image\":{\"@id\":\"https:\/\/teakie.com\/fr\/#\/schema\/logo\/image\/\"},\"sameAs\":[\"https:\/\/instagram.com\/teakiecorp\"]}]}<\/script>\n<!-- \/ Yoast SEO plugin. -->","yoast_head_json":{"title":"Nous joindre | Teakie.com","description":"Whether you have questions about Teakie Care or want to schedule a customized project in the Studio, contact us to find out how we can help you thrive online.","robots":{"index":"index","follow":"follow","max-snippet":"max-snippet:-1","max-image-preview":"max-image-preview:large","max-video-preview":"max-video-preview:-1"},"canonical":"https:\/\/teakie.com\/fr\/nous-joindre\/","og_locale":"fr_FR","og_type":"article","og_title":"Nous joindre | Teakie.com","og_description":"Whether you have questions about Teakie Care or want to schedule a customized project in the Studio, contact us to find out how we can help you thrive online.","og_url":"https:\/\/teakie.com\/fr\/nous-joindre\/","og_site_name":"Teakie.com","article_modified_time":"2021-01-14T19:51:14+00:00","twitter_card":"summary_large_image","twitter_misc":{"Dur\u00e9e de lecture estim\u00e9e":"1 minute"},"schema":{"@context":"https:\/\/schema.org","@graph":[{"@type":"WebPage","@id":"https:\/\/teakie.com\/fr\/nous-joindre\/","url":"https:\/\/teakie.com\/fr\/nous-joindre\/","name":"Nous joindre | Teakie.com","isPartOf":{"@id":"https:\/\/teakie.com\/fr\/#website"},"datePublished":"2018-01-19T13:43:53+00:00","dateModified":"2021-01-14T19:51:14+00:00","description":"Whether you have questions about Teakie Care or want to schedule a customized project in the Studio, contact us to find out how we can help you thrive online.","breadcrumb":{"@id":"https:\/\/teakie.com\/fr\/nous-joindre\/#breadcrumb"},"inLanguage":"fr-FR","potentialAction":[{"@type":"ReadAction","target":["https:\/\/teakie.com\/fr\/nous-joindre\/"]}]},{"@type":"BreadcrumbList","@id":"https:\/\/teakie.com\/fr\/nous-joindre\/#breadcrumb","itemListElement":[{"@type":"ListItem","position":1,"name":"Home","item":"https:\/\/teakie.com\/fr\/"},{"@type":"ListItem","position":2,"name":"Nous joindre"}]},{"@type":"WebSite","@id":"https:\/\/teakie.com\/fr\/#website","url":"https:\/\/teakie.com\/fr\/","name":"TEAKIE | The Studio","description":"Build Your Universe","publisher":{"@id":"https:\/\/teakie.com\/fr\/#organization"},"potentialAction":[{"@type":"SearchAction","target":{"@type":"EntryPoint","urlTemplate":"https:\/\/teakie.com\/fr\/?s={search_term_string}"},"query-input":{"@type":"PropertyValueSpecification","valueRequired":true,"valueName":"search_term_string"}}],"inLanguage":"fr-FR"},{"@type":"Organization","@id":"https:\/\/teakie.com\/fr\/#organization","name":"Teakie | The Studio","url":"https:\/\/teakie.com\/fr\/","logo":{"@type":"ImageObject","inLanguage":"fr-FR","@id":"https:\/\/teakie.com\/fr\/#\/schema\/logo\/image\/","url":"https:\/\/teakie.com\/wp-content\/uploads\/2020\/06\/TK_Logo-Black-1.svg","contentUrl":"https:\/\/teakie.com\/wp-content\/uploads\/2020\/06\/TK_Logo-Black-1.svg","width":108,"height":30,"caption":"Teakie | The Studio"},"image":{"@id":"https:\/\/teakie.com\/fr\/#\/schema\/logo\/image\/"},"sameAs":["https:\/\/instagram.com\/teakiecorp"]}]}},"_links":{"self":[{"href":"https:\/\/teakie.com\/fr\/wp-json\/wp\/v2\/pages\/7632","targetHints":{"allow":["GET"]}}],"collection":[{"href":"https:\/\/teakie.com\/fr\/wp-json\/wp\/v2\/pages"}],"about":[{"href":"https:\/\/teakie.com\/fr\/wp-json\/wp\/v2\/types\/page"}],"author":[{"embeddable":true,"href":"https:\/\/teakie.com\/fr\/wp-json\/wp\/v2\/users\/1"}],"replies":[{"embeddable":true,"href":"https:\/\/teakie.com\/fr\/wp-json\/wp\/v2\/comments?post=7632"}],"version-history":[{"count":0,"href":"https:\/\/teakie.com\/fr\/wp-json\/wp\/v2\/pages\/7632\/revisions"}],"wp:attachment":[{"href":"https:\/\/teakie.com\/fr\/wp-json\/wp\/v2\/media?parent=7632"}],"curies":[{"name":"wp","href":"https:\/\/api.w.org\/{rel}","templated":true}]}}